{"id":70,"date":"2024-12-22T20:06:41","date_gmt":"2024-12-22T19:06:41","guid":{"rendered":"http:\/\/becon-plongee-maitai.fr\/?page_id=70"},"modified":"2025-07-01T14:28:06","modified_gmt":"2025-07-01T12:28:06","slug":"presentation","status":"publish","type":"page","link":"http:\/\/becon-plongee-maitai.fr\/index.php\/presentation\/","title":{"rendered":"Pr\u00e9sentation"},"content":{"rendered":"\n<p><strong><em>Mieux qu&rsquo;un texte \u00e0 lire: une pr\u00e9sentation en image de nos installations !!<\/em><\/strong><\/p>\n\n\n\n<figure class=\"wp-block-embed is-type-video is-provider-youtube wp-block-embed-youtube wp-embed-aspect-16-9 wp-has-aspect-ratio\"><div class=\"wp-block-embed__wrapper\">\n<iframe loading=\"lazy\" title=\"MAITAI BECON PLONGEE MASTER V2\" width=\"950\" height=\"534\" src=\"https:\/\/www.youtube.com\/embed\/wwQuKj1-q1Q?feature=oembed\" frameborder=\"0\" allow=\"accelerometer; autoplay; clipboard-write; encrypted-media; gyroscope; picture-in-picture; web-share\" referrerpolicy=\"strict-origin-when-cross-origin\" allowfullscreen><\/iframe>\n<\/div><\/figure>\n\n\n\n<p>Cette carri\u00e8re dite&nbsp;: de la roche bleue, doit son appellation \u00e0 la teinte bleut\u00e9e du granit qui a \u00e9t\u00e9 extrait jusqu\u2019en 1960. L\u2019exploitation a dur\u00e9 environ 100 ans. A sa plus belle \u00e9poque, 80 % des pav\u00e9s des Champs-\u00c9lys\u00e9es provenaient du bassin b\u00e9connais ! Cette industrie a assur\u00e9 la renomm\u00e9e de ce petit village de l\u2019Anjou.<\/p>\n\n\n\n<p>Aujourd\u2019hui la cavit\u00e9, profonde de 50 m\u00e8tres, remplie d\u2019eau de pluie est devenue le terrain de jeu de <strong>Ma\u00efta\u00ef Becon Plong\u00e9e<\/strong>, dirig\u00e9 par Jean pierre Bouakaze. Jean Pierre est n\u00e9 dans les Hauts de Seine \u00e0: B\u00e9con-les-Bruy\u00e8res un autre \u201cB\u00e9con\u201d- et a \u00e9t\u00e9 directeur financier d\u2019une soci\u00e9t\u00e9 avant de fonder le groupe Ma\u00efta\u00ef en 2014.<\/p>\n\n\n\n<p>Pass\u00e9es les premi\u00e8res appr\u00e9hensions, on ne regrette pas cette exp\u00e9rience&nbsp;!<br>\u00c0 6 m\u00e8tres de profondeur, on d\u00e9couvre d\u00e9j\u00e0 un v\u00e9ritable \u00e9cosyst\u00e8me dans une eau propre, \u00ab\u00a0presque potable\u00a0\u00bb&nbsp;o\u00f9 ont \u00e9lus domicile&nbsp;: carpes, gardons, sandres, perches, brochets et m\u00eame des moules d\u2019eau douce dites \u00ab\u00a0z\u00e9br\u00e9es\u00a0\u00bb.&nbsp;Au-del\u00e0 de la faune, les profondeurs de cette ancienne carri\u00e8re de granit permettent aussi de remonter le cours de l&rsquo;histoire mini\u00e8re.<br>En immersion, on peut observer des stries dans la roche et des trous dans le granit o\u00f9 l\u2019on faisait imploser la roche avec de la poudre noire pour d\u00e9crocher les blocs. On peut y voir aussi un ancien chariot de transport du granit. Beaucoup plus bas \u00e0 40 m\u00e8tres, on d\u00e9couvre l\u2019ancienne cabane de l\u2019artificier, rest\u00e9e en l\u2019\u00e9tat, des morceaux d\u2019outils, quelques wagonnets de mine. Il y a aussi des \u00e9paves qui ont \u00e9t\u00e9 ajout\u00e9es par les diff\u00e9rents occupants de ce site de plong\u00e9e un peu particulier pour le loisir comme celle du \u00ab&nbsp;Sainte Anne&nbsp;\u00bb, un chalutier breton en bois, et du \u00ab\u00a0Benniget\u00a0\u00bb, un petit voilier.<\/p>\n\n\n\n<p class=\"has-medium-font-size\" style=\"border-radius:21px\"><strong><em>Une passion: l&rsquo;enseignement de tous les niveaux, \u00e0 tous niveaux!<\/em><\/strong><\/p>\n\n\n\n<figure class=\"wp-block-embed is-type-video is-provider-youtube wp-block-embed-youtube wp-embed-aspect-16-9 wp-has-aspect-ratio\"><div class=\"wp-block-embed__wrapper\">\n<iframe loading=\"lazy\" title=\"Pr\u00e9sentation   Maitai   1\" width=\"950\" height=\"534\" src=\"https:\/\/www.youtube.com\/embed\/SKbWSsAP-YY?feature=oembed\" frameborder=\"0\" allow=\"accelerometer; autoplay; clipboard-write; encrypted-media; gyroscope; picture-in-picture; web-share\" referrerpolicy=\"strict-origin-when-cross-origin\" allowfullscreen><\/iframe>\n<\/div><\/figure>\n\n\n\n<p><\/p>\n\n\n\n<p class=\"has-text-align-center has-secondary-color has-text-color has-link-color wp-elements-29b92ec7cfcfe3a6f42cf59565ead523\"><em>Un montage retra\u00e7ant l&rsquo;aventure de la carri\u00e8re de ses d\u00e9buts, \u00e0 la plong\u00e9e aujourd&rsquo;hui, effectu\u00e9 par l&rsquo;association: \u00ab\u00a0les amis du granit\u00a0\u00bb<\/em><\/p>\n\n\n\n<figure class=\"wp-block-embed is-type-video is-provider-youtube wp-block-embed-youtube wp-embed-aspect-16-9 wp-has-aspect-ratio\"><div class=\"wp-block-embed__wrapper\">\n<iframe loading=\"lazy\" title=\"Film du granit Ma\u00efta\u00ef Becon Plong\u00e9e\" width=\"950\" height=\"534\" src=\"https:\/\/www.youtube.com\/embed\/4OJV-H9IC-I?feature=oembed\" frameborder=\"0\" allow=\"accelerometer; autoplay; clipboard-write; encrypted-media; gyroscope; picture-in-picture; web-share\" referrerpolicy=\"strict-origin-when-cross-origin\" allowfullscreen><\/iframe>\n<\/div><\/figure>\n\n\n<div class=\"aligncenter wp-block-site-logo\"><a href=\"http:\/\/becon-plongee-maitai.fr\/\" class=\"custom-logo-link\" rel=\"home\"><img loading=\"lazy\" decoding=\"async\" width=\"75\" height=\"75\" src=\"http:\/\/becon-plongee-maitai.fr\/wp-content\/uploads\/2024\/12\/cropped-cropped-cropped-maitai-logo2016-e1735222400999.png\" class=\"custom-logo\" alt=\"MAITAI BECON PLONGEE\" sizes=\"auto, 100vw\" \/><\/a><\/div>\n\n\n<p class=\"has-text-align-center has-primary-color has-text-color has-link-color wp-elements-6e046856ff8062c3407442e1179e6002\"><em>Retour vers l&rsquo;accueil<\/em><\/p>\n\n\n\n<p><\/p>\n","protected":false},"excerpt":{"rendered":"<p>Mieux qu&rsquo;un texte \u00e0 lire: une pr\u00e9sentation en image de nos installations !! Cette carri\u00e8re dite&nbsp;: de la roche bleue, doit son appellation \u00e0 la teinte bleut\u00e9e du granit qui a \u00e9t\u00e9 extrait jusqu\u2019en 1960. L\u2019exploitation a dur\u00e9 environ 100 ans. A sa plus belle \u00e9poque, 80 % des pav\u00e9s des Champs-\u00c9lys\u00e9es provenaient du bassin &hellip; <\/p>\n<p class=\"link-more\"><a href=\"http:\/\/becon-plongee-maitai.fr\/index.php\/presentation\/\" class=\"more-link\">Lire la suite de<span class=\"screen-reader-text\">\u00ab\u00a0Pr\u00e9sentation\u00a0\u00bb<\/span><\/a><\/p>\n","protected":false},"author":1,"featured_media":51,"parent":0,"menu_order":0,"comment_status":"closed","ping_status":"closed","template":"","meta":{"inspiro_hide_title":false,"footnotes":""},"class_list":["post-70","page","type-page","status-publish","has-post-thumbnail","hentry"],"featured_media_urls":{"thumbnail":["http:\/\/becon-plongee-maitai.fr\/wp-content\/uploads\/2024\/12\/cropped-2017-becon-1-150x150.jpeg",150,150,true],"medium":["http:\/\/becon-plongee-maitai.fr\/wp-content\/uploads\/2024\/12\/cropped-2017-becon-1-300x180.jpeg",300,180,true],"medium_large":["http:\/\/becon-plongee-maitai.fr\/wp-content\/uploads\/2024\/12\/cropped-2017-becon-1-768x460.jpeg",768,460,true],"large":["http:\/\/becon-plongee-maitai.fr\/wp-content\/uploads\/2024\/12\/cropped-2017-becon-1-1024x613.jpeg",950,569,true],"1536x1536":["http:\/\/becon-plongee-maitai.fr\/wp-content\/uploads\/2024\/12\/cropped-2017-becon-1-1536x920.jpeg",1536,920,true],"2048x2048":["http:\/\/becon-plongee-maitai.fr\/wp-content\/uploads\/2024\/12\/cropped-2017-becon-1.jpeg",2000,1198,false],"inspiro-featured-image":["http:\/\/becon-plongee-maitai.fr\/wp-content\/uploads\/2024\/12\/cropped-2017-becon-1.jpeg",2000,1198,false],"inspiro-loop":["http:\/\/becon-plongee-maitai.fr\/wp-content\/uploads\/2024\/12\/cropped-2017-becon-1-950x320.jpeg",950,320,true],"inspiro-loop@2x":["http:\/\/becon-plongee-maitai.fr\/wp-content\/uploads\/2024\/12\/cropped-2017-becon-1-1900x640.jpeg",1900,640,true],"portfolio_item-thumbnail":["http:\/\/becon-plongee-maitai.fr\/wp-content\/uploads\/2024\/12\/cropped-2017-becon-1-600x400.jpeg",600,400,true],"portfolio_item-thumbnail@2x":["http:\/\/becon-plongee-maitai.fr\/wp-content\/uploads\/2024\/12\/cropped-2017-becon-1-1200x800.jpeg",1200,800,true],"portfolio_item-masonry":["http:\/\/becon-plongee-maitai.fr\/wp-content\/uploads\/2024\/12\/cropped-2017-becon-1-600x359.jpeg",600,359,true],"portfolio_item-masonry@2x":["http:\/\/becon-plongee-maitai.fr\/wp-content\/uploads\/2024\/12\/cropped-2017-becon-1-1200x719.jpeg",1200,719,true],"portfolio_item-thumbnail_cinema":["http:\/\/becon-plongee-maitai.fr\/wp-content\/uploads\/2024\/12\/cropped-2017-becon-1-800x335.jpeg",800,335,true],"portfolio_item-thumbnail_portrait":["http:\/\/becon-plongee-maitai.fr\/wp-content\/uploads\/2024\/12\/cropped-2017-becon-1-600x900.jpeg",600,900,true],"portfolio_item-thumbnail_portrait@2x":["http:\/\/becon-plongee-maitai.fr\/wp-content\/uploads\/2024\/12\/cropped-2017-becon-1-1200x1198.jpeg",1200,1198,true],"portfolio_item-thumbnail_square":["http:\/\/becon-plongee-maitai.fr\/wp-content\/uploads\/2024\/12\/cropped-2017-becon-1-800x800.jpeg",800,800,true]},"_links":{"self":[{"href":"http:\/\/becon-plongee-maitai.fr\/index.php\/wp-json\/wp\/v2\/pages\/70","targetHints":{"allow":["GET"]}}],"collection":[{"href":"http:\/\/becon-plongee-maitai.fr\/index.php\/wp-json\/wp\/v2\/pages"}],"about":[{"href":"http:\/\/becon-plongee-maitai.fr\/index.php\/wp-json\/wp\/v2\/types\/page"}],"author":[{"embeddable":true,"href":"http:\/\/becon-plongee-maitai.fr\/index.php\/wp-json\/wp\/v2\/users\/1"}],"replies":[{"embeddable":true,"href":"http:\/\/becon-plongee-maitai.fr\/index.php\/wp-json\/wp\/v2\/comments?post=70"}],"version-history":[{"count":18,"href":"http:\/\/becon-plongee-maitai.fr\/index.php\/wp-json\/wp\/v2\/pages\/70\/revisions"}],"predecessor-version":[{"id":565,"href":"http:\/\/becon-plongee-maitai.fr\/index.php\/wp-json\/wp\/v2\/pages\/70\/revisions\/565"}],"wp:featuredmedia":[{"embeddable":true,"href":"http:\/\/becon-plongee-maitai.fr\/index.php\/wp-json\/wp\/v2\/media\/51"}],"wp:attachment":[{"href":"http:\/\/becon-plongee-maitai.fr\/index.php\/wp-json\/wp\/v2\/media?parent=70"}],"curies":[{"name":"wp","href":"https:\/\/api.w.org\/{rel}","templated":true}]}}