{"id":372,"date":"2025-01-06T19:19:38","date_gmt":"2025-01-06T18:19:38","guid":{"rendered":"http:\/\/becon-plongee-maitai.fr\/?page_id=372"},"modified":"2025-07-18T19:01:19","modified_gmt":"2025-07-18T17:01:19","slug":"la-restauration","status":"publish","type":"page","link":"http:\/\/becon-plongee-maitai.fr\/index.php\/la-restauration\/","title":{"rendered":"La restauration"},"content":{"rendered":"\n<p>Nous mettons \u00e0 votre disposition un service de restauration, qui nous livre des plats chauds \u00e0 la carri\u00e8re, en fonction de vos commandes. <br>Notre salle de restauration de 200m\u00b2 est \u00e0 m\u00eame d&rsquo;accueillir de nombreux convives.<\/p>\n\n\n\n<p>Notre traiteur, nous pr\u00e9pare des menus selon la formule : entr\u00e9e &#8211; plat chaud &#8211; fromage &#8211; dessert, pour un tarif comp\u00e9titif que vous pouvez connaitre sur la page: <a href=\"http:\/\/becon-plongee-maitai.fr\/index.php\/tarif-des-services\/\" data-type=\"page\" data-id=\"271\">\u00ab\u00a0tarif des services\u00a0\u00bb<\/a><\/p>\n\n\n\n<p>Sur demande sp\u00e9ciale, nous pouvons pr\u00e9parer un repas diff\u00e9rent: pour un groupe, ou pour un \u00e9v\u00e8nement, (du type m\u00e9choui\u2026). <br>Pour cela \u00e9noncez votre souhait directement par mail sur la page \u00ab\u00a0<a href=\"http:\/\/becon-plongee-maitai.fr\/index.php\/contact\/\" data-type=\"page\" data-id=\"19\">contact<\/a>\u00ab\u00a0.<\/p>\n\n\n\n<p>Pour ce faire, nous avons besoin de connaitre vos besoins de r\u00e9servations: 15 jours \u00e0 l&rsquo;avance avec les donn\u00e9es suivantes:<br>&#8211; La date des repas (Midi et\/ou soir)<br>&#8211; Nombre de personnes<br>&#8211; R\u00e9gime \u00e9ventuel, et\/ou des allergies.<br>Ceci par mail, gr\u00e2ce \u00e0 la page \u00ab\u00a0<a href=\"http:\/\/becon-plongee-maitai.fr\/index.php\/contact\/\" data-type=\"page\" data-id=\"19\">contact<\/a>\u00ab\u00a0<\/p>\n\n\n<div class=\"aligncenter wp-block-site-logo\"><a href=\"http:\/\/becon-plongee-maitai.fr\/\" class=\"custom-logo-link\" rel=\"home\"><img loading=\"lazy\" decoding=\"async\" width=\"75\" height=\"75\" src=\"http:\/\/becon-plongee-maitai.fr\/wp-content\/uploads\/2024\/12\/cropped-cropped-cropped-maitai-logo2016-e1735222400999.png\" class=\"custom-logo\" alt=\"MAITAI BECON PLONGEE\" sizes=\"auto, 100vw\" \/><\/a><\/div>\n\n\n<p class=\"has-text-align-center\"><em>Retour vers l&rsquo;accueil<\/em><\/p>\n\n\n\n<p><\/p>\n","protected":false},"excerpt":{"rendered":"<p>Nous mettons \u00e0 votre disposition un service de restauration, qui nous livre des plats chauds \u00e0 la carri\u00e8re, en fonction de vos commandes. Notre salle de restauration de 200m\u00b2 est \u00e0 m\u00eame d&rsquo;accueillir de nombreux convives. Notre traiteur, nous pr\u00e9pare des menus selon la formule : entr\u00e9e &#8211; plat chaud &#8211; fromage &#8211; dessert, pour &hellip; <\/p>\n<p class=\"link-more\"><a href=\"http:\/\/becon-plongee-maitai.fr\/index.php\/la-restauration\/\" class=\"more-link\">Lire la suite de<span class=\"screen-reader-text\">\u00ab\u00a0La restauration\u00a0\u00bb<\/span><\/a><\/p>\n","protected":false},"author":1,"featured_media":570,"parent":0,"menu_order":0,"comment_status":"closed","ping_status":"closed","template":"","meta":{"inspiro_hide_title":false,"footnotes":""},"class_list":["post-372","page","type-page","status-publish","has-post-thumbnail","hentry"],"featured_media_urls":{"thumbnail":["http:\/\/becon-plongee-maitai.fr\/wp-content\/uploads\/2025\/07\/RESTAURATION-1-150x150.jpg",150,150,true],"medium":["http:\/\/becon-plongee-maitai.fr\/wp-content\/uploads\/2025\/07\/RESTAURATION-1-300x225.jpg",300,225,true],"medium_large":["http:\/\/becon-plongee-maitai.fr\/wp-content\/uploads\/2025\/07\/RESTAURATION-1.jpg",640,480,false],"large":["http:\/\/becon-plongee-maitai.fr\/wp-content\/uploads\/2025\/07\/RESTAURATION-1.jpg",640,480,false],"1536x1536":["http:\/\/becon-plongee-maitai.fr\/wp-content\/uploads\/2025\/07\/RESTAURATION-1.jpg",640,480,false],"2048x2048":["http:\/\/becon-plongee-maitai.fr\/wp-content\/uploads\/2025\/07\/RESTAURATION-1.jpg",640,480,false],"inspiro-featured-image":["http:\/\/becon-plongee-maitai.fr\/wp-content\/uploads\/2025\/07\/RESTAURATION-1.jpg",640,480,false],"inspiro-loop":["http:\/\/becon-plongee-maitai.fr\/wp-content\/uploads\/2025\/07\/RESTAURATION-1-640x320.jpg",640,320,true],"inspiro-loop@2x":["http:\/\/becon-plongee-maitai.fr\/wp-content\/uploads\/2025\/07\/RESTAURATION-1.jpg",640,480,false],"portfolio_item-thumbnail":["http:\/\/becon-plongee-maitai.fr\/wp-content\/uploads\/2025\/07\/RESTAURATION-1-600x400.jpg",600,400,true],"portfolio_item-thumbnail@2x":["http:\/\/becon-plongee-maitai.fr\/wp-content\/uploads\/2025\/07\/RESTAURATION-1.jpg",640,480,false],"portfolio_item-masonry":["http:\/\/becon-plongee-maitai.fr\/wp-content\/uploads\/2025\/07\/RESTAURATION-1-600x450.jpg",600,450,true],"portfolio_item-masonry@2x":["http:\/\/becon-plongee-maitai.fr\/wp-content\/uploads\/2025\/07\/RESTAURATION-1.jpg",640,480,false],"portfolio_item-thumbnail_cinema":["http:\/\/becon-plongee-maitai.fr\/wp-content\/uploads\/2025\/07\/RESTAURATION-1-640x335.jpg",640,335,true],"portfolio_item-thumbnail_portrait":["http:\/\/becon-plongee-maitai.fr\/wp-content\/uploads\/2025\/07\/RESTAURATION-1-600x480.jpg",600,480,true],"portfolio_item-thumbnail_portrait@2x":["http:\/\/becon-plongee-maitai.fr\/wp-content\/uploads\/2025\/07\/RESTAURATION-1.jpg",640,480,false],"portfolio_item-thumbnail_square":["http:\/\/becon-plongee-maitai.fr\/wp-content\/uploads\/2025\/07\/RESTAURATION-1.jpg",640,480,false]},"_links":{"self":[{"href":"http:\/\/becon-plongee-maitai.fr\/index.php\/wp-json\/wp\/v2\/pages\/372","targetHints":{"allow":["GET"]}}],"collection":[{"href":"http:\/\/becon-plongee-maitai.fr\/index.php\/wp-json\/wp\/v2\/pages"}],"about":[{"href":"http:\/\/becon-plongee-maitai.fr\/index.php\/wp-json\/wp\/v2\/types\/page"}],"author":[{"embeddable":true,"href":"http:\/\/becon-plongee-maitai.fr\/index.php\/wp-json\/wp\/v2\/users\/1"}],"replies":[{"embeddable":true,"href":"http:\/\/becon-plongee-maitai.fr\/index.php\/wp-json\/wp\/v2\/comments?post=372"}],"version-history":[{"count":8,"href":"http:\/\/becon-plongee-maitai.fr\/index.php\/wp-json\/wp\/v2\/pages\/372\/revisions"}],"predecessor-version":[{"id":413,"href":"http:\/\/becon-plongee-maitai.fr\/index.php\/wp-json\/wp\/v2\/pages\/372\/revisions\/413"}],"wp:featuredmedia":[{"embeddable":true,"href":"http:\/\/becon-plongee-maitai.fr\/index.php\/wp-json\/wp\/v2\/media\/570"}],"wp:attachment":[{"href":"http:\/\/becon-plongee-maitai.fr\/index.php\/wp-json\/wp\/v2\/media?parent=372"}],"curies":[{"name":"wp","href":"https:\/\/api.w.org\/{rel}","templated":true}]}}