{"id":259,"date":"2025-01-05T15:22:47","date_gmt":"2025-01-05T14:22:47","guid":{"rendered":"http:\/\/becon-plongee-maitai.fr\/?page_id=259"},"modified":"2025-08-04T19:46:31","modified_gmt":"2025-08-04T17:46:31","slug":"la-location-de-salle","status":"publish","type":"page","link":"http:\/\/becon-plongee-maitai.fr\/index.php\/la-location-de-salle\/","title":{"rendered":"La location de salle"},"content":{"rendered":"\n<p>Pour effectuer vos prestations th\u00e9oriques, vos r\u00e9unions, d\u00e9briefing&#8230; nous pouvons vous mettre \u00e0 disposition une ou des salles \u00e0 votre usage privatif.<\/p>\n\n\n\n<p>Eventuellement, nous pouvons aussi \u00e9quiper votre salle de vid\u00e9o-projecteur.<\/p>\n\n\n\n<p class=\"has-text-align-center has-secondary-color has-text-color has-link-color wp-elements-0b60a658dff3759ff29a1f26388c6c1c\"><strong>ATTENTION<\/strong> : aucune combinaison n&rsquo;est tol\u00e9r\u00e9e dans l&rsquo;ensemble des salles de la carri\u00e8re.(m\u00eame le r\u00e9fectoire)<\/p>\n\n\n\n<p>Pour le tarif de location des salles, merci de vous r\u00e9f\u00e9rer \u00e0 la page: \u00ab\u00a0<a href=\"http:\/\/becon-plongee-maitai.fr\/index.php\/tarif-des-services\/\" data-type=\"page\" data-id=\"271\">prix des services<\/a>\u00a0\u00bb ou contacter directement la carri\u00e8re gr\u00e2ce \u00e0 la page \u00ab\u00a0<a href=\"http:\/\/becon-plongee-maitai.fr\/index.php\/contact\/\" data-type=\"page\" data-id=\"19\">contact<\/a>\u00a0\u00bb <\/p>\n\n\n<div class=\"aligncenter wp-block-site-logo\"><a href=\"http:\/\/becon-plongee-maitai.fr\/\" class=\"custom-logo-link\" rel=\"home\"><img loading=\"lazy\" decoding=\"async\" width=\"75\" height=\"75\" src=\"http:\/\/becon-plongee-maitai.fr\/wp-content\/uploads\/2024\/12\/cropped-cropped-cropped-maitai-logo2016-e1735222400999.png\" class=\"custom-logo\" alt=\"MAITAI BECON PLONGEE\" sizes=\"auto, 100vw\" \/><\/a><\/div>\n\n\n<p class=\"has-text-align-center\"><em>Retour vers l&rsquo;accueil<\/em><\/p>\n\n\n\n<p><\/p>\n","protected":false},"excerpt":{"rendered":"<p>Pour effectuer vos prestations th\u00e9oriques, vos r\u00e9unions, d\u00e9briefing&#8230; nous pouvons vous mettre \u00e0 disposition une ou des salles \u00e0 votre usage privatif. Eventuellement, nous pouvons aussi \u00e9quiper votre salle de vid\u00e9o-projecteur. ATTENTION : aucune combinaison n&rsquo;est tol\u00e9r\u00e9e dans l&rsquo;ensemble des salles de la carri\u00e8re.(m\u00eame le r\u00e9fectoire) Pour le tarif de location des salles, merci de &hellip; <\/p>\n<p class=\"link-more\"><a href=\"http:\/\/becon-plongee-maitai.fr\/index.php\/la-location-de-salle\/\" class=\"more-link\">Lire la suite de<span class=\"screen-reader-text\">\u00ab\u00a0La location de salle\u00a0\u00bb<\/span><\/a><\/p>\n","protected":false},"author":1,"featured_media":577,"parent":0,"menu_order":0,"comment_status":"closed","ping_status":"closed","template":"","meta":{"inspiro_hide_title":false,"footnotes":""},"class_list":["post-259","page","type-page","status-publish","has-post-thumbnail","hentry"],"featured_media_urls":{"thumbnail":["http:\/\/becon-plongee-maitai.fr\/wp-content\/uploads\/2025\/08\/SALLE-DE-COURS-2-150x150.jpg",150,150,true],"medium":["http:\/\/becon-plongee-maitai.fr\/wp-content\/uploads\/2025\/08\/SALLE-DE-COURS-2-300x225.jpg",300,225,true],"medium_large":["http:\/\/becon-plongee-maitai.fr\/wp-content\/uploads\/2025\/08\/SALLE-DE-COURS-2.jpg",640,480,false],"large":["http:\/\/becon-plongee-maitai.fr\/wp-content\/uploads\/2025\/08\/SALLE-DE-COURS-2.jpg",640,480,false],"1536x1536":["http:\/\/becon-plongee-maitai.fr\/wp-content\/uploads\/2025\/08\/SALLE-DE-COURS-2.jpg",640,480,false],"2048x2048":["http:\/\/becon-plongee-maitai.fr\/wp-content\/uploads\/2025\/08\/SALLE-DE-COURS-2.jpg",640,480,false],"inspiro-featured-image":["http:\/\/becon-plongee-maitai.fr\/wp-content\/uploads\/2025\/08\/SALLE-DE-COURS-2.jpg",640,480,false],"inspiro-loop":["http:\/\/becon-plongee-maitai.fr\/wp-content\/uploads\/2025\/08\/SALLE-DE-COURS-2-640x320.jpg",640,320,true],"inspiro-loop@2x":["http:\/\/becon-plongee-maitai.fr\/wp-content\/uploads\/2025\/08\/SALLE-DE-COURS-2.jpg",640,480,false],"portfolio_item-thumbnail":["http:\/\/becon-plongee-maitai.fr\/wp-content\/uploads\/2025\/08\/SALLE-DE-COURS-2-600x400.jpg",600,400,true],"portfolio_item-thumbnail@2x":["http:\/\/becon-plongee-maitai.fr\/wp-content\/uploads\/2025\/08\/SALLE-DE-COURS-2.jpg",640,480,false],"portfolio_item-masonry":["http:\/\/becon-plongee-maitai.fr\/wp-content\/uploads\/2025\/08\/SALLE-DE-COURS-2-600x450.jpg",600,450,true],"portfolio_item-masonry@2x":["http:\/\/becon-plongee-maitai.fr\/wp-content\/uploads\/2025\/08\/SALLE-DE-COURS-2.jpg",640,480,false],"portfolio_item-thumbnail_cinema":["http:\/\/becon-plongee-maitai.fr\/wp-content\/uploads\/2025\/08\/SALLE-DE-COURS-2-640x335.jpg",640,335,true],"portfolio_item-thumbnail_portrait":["http:\/\/becon-plongee-maitai.fr\/wp-content\/uploads\/2025\/08\/SALLE-DE-COURS-2-600x480.jpg",600,480,true],"portfolio_item-thumbnail_portrait@2x":["http:\/\/becon-plongee-maitai.fr\/wp-content\/uploads\/2025\/08\/SALLE-DE-COURS-2.jpg",640,480,false],"portfolio_item-thumbnail_square":["http:\/\/becon-plongee-maitai.fr\/wp-content\/uploads\/2025\/08\/SALLE-DE-COURS-2.jpg",640,480,false]},"_links":{"self":[{"href":"http:\/\/becon-plongee-maitai.fr\/index.php\/wp-json\/wp\/v2\/pages\/259","targetHints":{"allow":["GET"]}}],"collection":[{"href":"http:\/\/becon-plongee-maitai.fr\/index.php\/wp-json\/wp\/v2\/pages"}],"about":[{"href":"http:\/\/becon-plongee-maitai.fr\/index.php\/wp-json\/wp\/v2\/types\/page"}],"author":[{"embeddable":true,"href":"http:\/\/becon-plongee-maitai.fr\/index.php\/wp-json\/wp\/v2\/users\/1"}],"replies":[{"embeddable":true,"href":"http:\/\/becon-plongee-maitai.fr\/index.php\/wp-json\/wp\/v2\/comments?post=259"}],"version-history":[{"count":4,"href":"http:\/\/becon-plongee-maitai.fr\/index.php\/wp-json\/wp\/v2\/pages\/259\/revisions"}],"predecessor-version":[{"id":412,"href":"http:\/\/becon-plongee-maitai.fr\/index.php\/wp-json\/wp\/v2\/pages\/259\/revisions\/412"}],"wp:featuredmedia":[{"embeddable":true,"href":"http:\/\/becon-plongee-maitai.fr\/index.php\/wp-json\/wp\/v2\/media\/577"}],"wp:attachment":[{"href":"http:\/\/becon-plongee-maitai.fr\/index.php\/wp-json\/wp\/v2\/media?parent=259"}],"curies":[{"name":"wp","href":"https:\/\/api.w.org\/{rel}","templated":true}]}}