{"id":257,"date":"2025-01-05T15:22:07","date_gmt":"2025-01-05T14:22:07","guid":{"rendered":"http:\/\/becon-plongee-maitai.fr\/?page_id=257"},"modified":"2025-07-18T19:04:20","modified_gmt":"2025-07-18T17:04:20","slug":"lhebergement","status":"publish","type":"page","link":"http:\/\/becon-plongee-maitai.fr\/index.php\/lhebergement\/","title":{"rendered":"Les h\u00e9bergements"},"content":{"rendered":"\n<p>Dans nos appartements, nous pouvons vous loger pour y passer des nuits de repos. Nos appartements, sont calmes et silencieux ( je ne parle pas des plongeurs qui y dorment\u2026), vous permettrons de vous reposer de vos journ\u00e9es fortes en \u00e9motions.<br>Nous avons un ensemble de 3 appartements dans le m\u00eame b\u00e2timent, puis 2 appartements vers la Boulangerie. (environ 800m de la carri\u00e8re).<br>Sachez que le petit d\u00e9jeuner peut vous \u00eatre servi a la carri\u00e8re, \u00e0 compter de 9h le lendemain matin.<\/p>\n\n\n\n<p>Afin de pouvoir r\u00e9server, vous devrez envoyer un mail a partir la page \u00ab\u00a0<a href=\"http:\/\/becon-plongee-maitai.fr\/index.php\/contact\/\" data-type=\"page\" data-id=\"19\">contact<\/a>\u00ab\u00a0, \u00e0 la carri\u00e8re, au minimum 15 jours \u00e0 l&rsquo;avance en pr\u00e9cisant:<br>&#8211; les dates des soirs ou vous voulez y dormir, <br>&#8211; le nombre de personnes,<br>&#8211; Pr\u00e9cisez aussi si vous d\u00e9sirez y r\u00e9server des repas \u00e0 la carri\u00e8re.<\/p>\n\n\n\n<p>Pour le tarif, merci de vous r\u00e9f\u00e9rer \u00e0 la page \u00ab\u00a0<a href=\"http:\/\/becon-plongee-maitai.fr\/index.php\/tarif-des-services\/\" data-type=\"page\" data-id=\"271\">tarif des services<\/a>\u00ab\u00a0<\/p>\n\n\n<div class=\"aligncenter wp-block-site-logo\"><a href=\"http:\/\/becon-plongee-maitai.fr\/\" class=\"custom-logo-link\" rel=\"home\"><img loading=\"lazy\" decoding=\"async\" width=\"75\" height=\"75\" src=\"http:\/\/becon-plongee-maitai.fr\/wp-content\/uploads\/2024\/12\/cropped-cropped-cropped-maitai-logo2016-e1735222400999.png\" class=\"custom-logo\" alt=\"MAITAI BECON PLONGEE\" sizes=\"auto, 100vw\" \/><\/a><\/div>\n\n\n<p class=\"has-text-align-center\"><em>retour vers l&rsquo;accueil<\/em><\/p>\n\n\n\n<p><\/p>\n","protected":false},"excerpt":{"rendered":"<p>Dans nos appartements, nous pouvons vous loger pour y passer des nuits de repos. Nos appartements, sont calmes et silencieux ( je ne parle pas des plongeurs qui y dorment\u2026), vous permettrons de vous reposer de vos journ\u00e9es fortes en \u00e9motions.Nous avons un ensemble de 3 appartements dans le m\u00eame b\u00e2timent, puis 2 appartements vers &hellip; <\/p>\n<p class=\"link-more\"><a href=\"http:\/\/becon-plongee-maitai.fr\/index.php\/lhebergement\/\" class=\"more-link\">Lire la suite de<span class=\"screen-reader-text\">\u00ab\u00a0Les h\u00e9bergements\u00a0\u00bb<\/span><\/a><\/p>\n","protected":false},"author":1,"featured_media":571,"parent":0,"menu_order":0,"comment_status":"closed","ping_status":"closed","template":"","meta":{"inspiro_hide_title":false,"footnotes":""},"class_list":["post-257","page","type-page","status-publish","has-post-thumbnail","hentry"],"featured_media_urls":{"thumbnail":["http:\/\/becon-plongee-maitai.fr\/wp-content\/uploads\/2025\/07\/HEBERGEMENT-2-150x150.jpg",150,150,true],"medium":["http:\/\/becon-plongee-maitai.fr\/wp-content\/uploads\/2025\/07\/HEBERGEMENT-2-300x225.jpg",300,225,true],"medium_large":["http:\/\/becon-plongee-maitai.fr\/wp-content\/uploads\/2025\/07\/HEBERGEMENT-2.jpg",640,480,false],"large":["http:\/\/becon-plongee-maitai.fr\/wp-content\/uploads\/2025\/07\/HEBERGEMENT-2.jpg",640,480,false],"1536x1536":["http:\/\/becon-plongee-maitai.fr\/wp-content\/uploads\/2025\/07\/HEBERGEMENT-2.jpg",640,480,false],"2048x2048":["http:\/\/becon-plongee-maitai.fr\/wp-content\/uploads\/2025\/07\/HEBERGEMENT-2.jpg",640,480,false],"inspiro-featured-image":["http:\/\/becon-plongee-maitai.fr\/wp-content\/uploads\/2025\/07\/HEBERGEMENT-2.jpg",640,480,false],"inspiro-loop":["http:\/\/becon-plongee-maitai.fr\/wp-content\/uploads\/2025\/07\/HEBERGEMENT-2-640x320.jpg",640,320,true],"inspiro-loop@2x":["http:\/\/becon-plongee-maitai.fr\/wp-content\/uploads\/2025\/07\/HEBERGEMENT-2.jpg",640,480,false],"portfolio_item-thumbnail":["http:\/\/becon-plongee-maitai.fr\/wp-content\/uploads\/2025\/07\/HEBERGEMENT-2-600x400.jpg",600,400,true],"portfolio_item-thumbnail@2x":["http:\/\/becon-plongee-maitai.fr\/wp-content\/uploads\/2025\/07\/HEBERGEMENT-2.jpg",640,480,false],"portfolio_item-masonry":["http:\/\/becon-plongee-maitai.fr\/wp-content\/uploads\/2025\/07\/HEBERGEMENT-2-600x450.jpg",600,450,true],"portfolio_item-masonry@2x":["http:\/\/becon-plongee-maitai.fr\/wp-content\/uploads\/2025\/07\/HEBERGEMENT-2.jpg",640,480,false],"portfolio_item-thumbnail_cinema":["http:\/\/becon-plongee-maitai.fr\/wp-content\/uploads\/2025\/07\/HEBERGEMENT-2-640x335.jpg",640,335,true],"portfolio_item-thumbnail_portrait":["http:\/\/becon-plongee-maitai.fr\/wp-content\/uploads\/2025\/07\/HEBERGEMENT-2-600x480.jpg",600,480,true],"portfolio_item-thumbnail_portrait@2x":["http:\/\/becon-plongee-maitai.fr\/wp-content\/uploads\/2025\/07\/HEBERGEMENT-2.jpg",640,480,false],"portfolio_item-thumbnail_square":["http:\/\/becon-plongee-maitai.fr\/wp-content\/uploads\/2025\/07\/HEBERGEMENT-2.jpg",640,480,false]},"_links":{"self":[{"href":"http:\/\/becon-plongee-maitai.fr\/index.php\/wp-json\/wp\/v2\/pages\/257","targetHints":{"allow":["GET"]}}],"collection":[{"href":"http:\/\/becon-plongee-maitai.fr\/index.php\/wp-json\/wp\/v2\/pages"}],"about":[{"href":"http:\/\/becon-plongee-maitai.fr\/index.php\/wp-json\/wp\/v2\/types\/page"}],"author":[{"embeddable":true,"href":"http:\/\/becon-plongee-maitai.fr\/index.php\/wp-json\/wp\/v2\/users\/1"}],"replies":[{"embeddable":true,"href":"http:\/\/becon-plongee-maitai.fr\/index.php\/wp-json\/wp\/v2\/comments?post=257"}],"version-history":[{"count":10,"href":"http:\/\/becon-plongee-maitai.fr\/index.php\/wp-json\/wp\/v2\/pages\/257\/revisions"}],"predecessor-version":[{"id":458,"href":"http:\/\/becon-plongee-maitai.fr\/index.php\/wp-json\/wp\/v2\/pages\/257\/revisions\/458"}],"wp:featuredmedia":[{"embeddable":true,"href":"http:\/\/becon-plongee-maitai.fr\/index.php\/wp-json\/wp\/v2\/media\/571"}],"wp:attachment":[{"href":"http:\/\/becon-plongee-maitai.fr\/index.php\/wp-json\/wp\/v2\/media?parent=257"}],"curies":[{"name":"wp","href":"https:\/\/api.w.org\/{rel}","templated":true}]}}