{"id":205,"date":"2025-01-04T16:28:12","date_gmt":"2025-01-04T15:28:12","guid":{"rendered":"http:\/\/becon-plongee-maitai.fr\/?page_id=205"},"modified":"2025-01-07T20:09:31","modified_gmt":"2025-01-07T19:09:31","slug":"les-scolaires","status":"publish","type":"page","link":"http:\/\/becon-plongee-maitai.fr\/index.php\/les-scolaires\/","title":{"rendered":"Les scolaires"},"content":{"rendered":"\n<p class=\"has-text-align-center has-secondary-color has-text-color has-link-color wp-elements-132d65eed41403da106fd25868c16998\"><strong>Page en cr\u00e9ation<\/strong><\/p>\n\n\n\n<p>Ecoles<\/p>\n\n\n\n<p>Communes<\/p>\n\n\n\n<p>Centres a\u00e9r\u00e9s<\/p>\n\n\n<div class=\"aligncenter wp-block-site-logo\"><a href=\"http:\/\/becon-plongee-maitai.fr\/\" class=\"custom-logo-link\" rel=\"home\"><img loading=\"lazy\" decoding=\"async\" width=\"75\" height=\"75\" src=\"http:\/\/becon-plongee-maitai.fr\/wp-content\/uploads\/2024\/12\/cropped-cropped-cropped-maitai-logo2016-e1735222400999.png\" class=\"custom-logo\" alt=\"MAITAI BECON PLONGEE\" sizes=\"auto, 100vw\" \/><\/a><\/div>\n\n\n<p class=\"has-text-align-center\"><em>Retour vers l&rsquo;accueil<\/em><\/p>\n\n\n\n<p><\/p>\n","protected":false},"excerpt":{"rendered":"<p>Page en cr\u00e9ation Ecoles Communes Centres a\u00e9r\u00e9s Retour vers l&rsquo;accueil<\/p>\n","protected":false},"author":1,"featured_media":0,"parent":0,"menu_order":0,"comment_status":"closed","ping_status":"closed","template":"","meta":{"inspiro_hide_title":false,"footnotes":""},"class_list":["post-205","page","type-page","status-publish","hentry"],"featured_media_urls":[],"_links":{"self":[{"href":"http:\/\/becon-plongee-maitai.fr\/index.php\/wp-json\/wp\/v2\/pages\/205","targetHints":{"allow":["GET"]}}],"collection":[{"href":"http:\/\/becon-plongee-maitai.fr\/index.php\/wp-json\/wp\/v2\/pages"}],"about":[{"href":"http:\/\/becon-plongee-maitai.fr\/index.php\/wp-json\/wp\/v2\/types\/page"}],"author":[{"embeddable":true,"href":"http:\/\/becon-plongee-maitai.fr\/index.php\/wp-json\/wp\/v2\/users\/1"}],"replies":[{"embeddable":true,"href":"http:\/\/becon-plongee-maitai.fr\/index.php\/wp-json\/wp\/v2\/comments?post=205"}],"version-history":[{"count":4,"href":"http:\/\/becon-plongee-maitai.fr\/index.php\/wp-json\/wp\/v2\/pages\/205\/revisions"}],"predecessor-version":[{"id":418,"href":"http:\/\/becon-plongee-maitai.fr\/index.php\/wp-json\/wp\/v2\/pages\/205\/revisions\/418"}],"wp:attachment":[{"href":"http:\/\/becon-plongee-maitai.fr\/index.php\/wp-json\/wp\/v2\/media?parent=205"}],"curies":[{"name":"wp","href":"https:\/\/api.w.org\/{rel}","templated":true}]}}