{"id":19,"date":"2024-12-20T11:49:55","date_gmt":"2024-12-20T10:49:55","guid":{"rendered":"http:\/\/becon-plongee-maitai.fr\/?page_id=19"},"modified":"2025-07-01T13:41:23","modified_gmt":"2025-07-01T11:41:23","slug":"contact","status":"publish","type":"page","link":"http:\/\/becon-plongee-maitai.fr\/index.php\/contact\/","title":{"rendered":"Contact"},"content":{"rendered":"\n<p class=\"has-text-align-center\">Pour nous contacter, merci de privil\u00e9gier le mail, car le t\u00e9l\u00e9phone ne passe pas sous l&rsquo;eau. <\/p>\n\n\n\n<p class=\"has-text-align-center\">Une r\u00e9ponse vous sera apport\u00e9e dans les plus brefs d\u00e9lais.<\/p>\n\n\n\n<p><\/p>\n\n\n\n<p class=\"has-text-align-center\"><a href=\"mailto:contact@becon-plongee-maitai.fr\"><strong>mailto:contact@becon-plongee-maitai.fr<\/strong><\/a><\/p>\n\n\n\n<p><\/p>\n","protected":false},"excerpt":{"rendered":"<p>Pour nous contacter, merci de privil\u00e9gier le mail, car le t\u00e9l\u00e9phone ne passe pas sous l&rsquo;eau. Une r\u00e9ponse vous sera apport\u00e9e dans les plus brefs d\u00e9lais. mailto:contact@becon-plongee-maitai.fr<\/p>\n","protected":false},"author":1,"featured_media":0,"parent":0,"menu_order":0,"comment_status":"closed","ping_status":"closed","template":"","meta":{"inspiro_hide_title":false,"footnotes":""},"class_list":["post-19","page","type-page","status-publish","hentry"],"featured_media_urls":[],"_links":{"self":[{"href":"http:\/\/becon-plongee-maitai.fr\/index.php\/wp-json\/wp\/v2\/pages\/19","targetHints":{"allow":["GET"]}}],"collection":[{"href":"http:\/\/becon-plongee-maitai.fr\/index.php\/wp-json\/wp\/v2\/pages"}],"about":[{"href":"http:\/\/becon-plongee-maitai.fr\/index.php\/wp-json\/wp\/v2\/types\/page"}],"author":[{"embeddable":true,"href":"http:\/\/becon-plongee-maitai.fr\/index.php\/wp-json\/wp\/v2\/users\/1"}],"replies":[{"embeddable":true,"href":"http:\/\/becon-plongee-maitai.fr\/index.php\/wp-json\/wp\/v2\/comments?post=19"}],"version-history":[{"count":14,"href":"http:\/\/becon-plongee-maitai.fr\/index.php\/wp-json\/wp\/v2\/pages\/19\/revisions"}],"predecessor-version":[{"id":564,"href":"http:\/\/becon-plongee-maitai.fr\/index.php\/wp-json\/wp\/v2\/pages\/19\/revisions\/564"}],"wp:attachment":[{"href":"http:\/\/becon-plongee-maitai.fr\/index.php\/wp-json\/wp\/v2\/media?parent=19"}],"curies":[{"name":"wp","href":"https:\/\/api.w.org\/{rel}","templated":true}]}}