{"id":146,"date":"2025-01-02T19:20:24","date_gmt":"2025-01-02T18:20:24","guid":{"rendered":"http:\/\/becon-plongee-maitai.fr\/?page_id=146"},"modified":"2025-07-01T14:30:20","modified_gmt":"2025-07-01T12:30:20","slug":"la-carriere-2","status":"publish","type":"page","link":"http:\/\/becon-plongee-maitai.fr\/index.php\/la-carriere-2\/","title":{"rendered":"La carri\u00e8re"},"content":{"rendered":"\n<p><\/p>\n\n\n\n<p class=\"has-background-color has-secondary-background-color has-text-color has-background has-link-color wp-elements-4cc424b629f460d7a4b7694f3fab563d\" style=\"border-radius:61px\">Pour effectuer vos formations, notre aire de jeux est \u00e9quip\u00e9e de plateformes\u00a0:<br>&#8211; Deux plateformes \u00e0 5m n\u00e9cessaires \u00e0 l\u2019apprentissage des sensations,<br>&#8211; La piscine \u00e0 6m permettant de faire des bapt\u00eames,<br>&#8211; Un plateau \u00e0 13m permettant d\u2019\u00e9voluer et d\u2019apprendre la plong\u00e9e et d\u2019y faire les premi\u00e8res immersions,<br>&#8211; Un plateau \u00e0 18m dit le calvaire,<br>&#8211; Deux plateformes \u00e0 20m o\u00f9 les premi\u00e8res assistances seront effectu\u00e9es,<br>&#8211; Un plateau \u00e0 25m o\u00f9 sont immerg\u00e9es deux \u00e9paves, notamment l\u2019embl\u00e9matique\u00a0: ST ANNE,<br>&#8211; Un plateau \u00e0 30m<br>&#8211; Une plateforme \u00e0 36m<br>&#8211; Et le fond \u00e0 50m<\/p>\n\n\n\n<p class=\"has-background-color has-secondary-background-color has-text-color has-background has-link-color wp-elements-1de6d8c9ef797b22daf4e7cbc5327df8\" style=\"border-radius:61px\">Les conditions&nbsp;:<br>&#8211; D&rsquo;une profondeur moyenne de 50m en fonction du niveau d&rsquo;eau.<br>&#8211; Une temp\u00e9rature de surface oscillant entre 9\u00b0 en f\u00e9vrier, et 24\u00b0fin aout, reste relativement stable de 11\u00b0\u00e0 50m.<br>&#8211; La visibilit\u00e9 fluctuante en mi-saison, est tr\u00e8s claire en hiver, et relativement claire en \u00e9t\u00e9. Ceci est en relation avec la m\u00e9t\u00e9o, permettant ou pas, le d\u00e9veloppement du phytoplancton. (sans parler des coups de palmes a proximit\u00e9 du sol\u2026)<\/p>\n\n\n<div class=\"aligncenter wp-block-site-logo\"><a href=\"http:\/\/becon-plongee-maitai.fr\/\" class=\"custom-logo-link\" rel=\"home\"><img loading=\"lazy\" decoding=\"async\" width=\"75\" height=\"75\" src=\"http:\/\/becon-plongee-maitai.fr\/wp-content\/uploads\/2024\/12\/cropped-cropped-cropped-maitai-logo2016-e1735222400999.png\" class=\"custom-logo\" alt=\"MAITAI BECON PLONGEE\" sizes=\"auto, 100vw\" \/><\/a><\/div>\n\n\n<p class=\"has-text-align-center\"><em>Retour vers l&rsquo;accueil<\/em><\/p>\n\n\n\n<p><\/p>\n","protected":false},"excerpt":{"rendered":"<p>Pour effectuer vos formations, notre aire de jeux est \u00e9quip\u00e9e de plateformes\u00a0:&#8211; Deux plateformes \u00e0 5m n\u00e9cessaires \u00e0 l\u2019apprentissage des sensations,&#8211; La piscine \u00e0 6m permettant de faire des bapt\u00eames,&#8211; Un plateau \u00e0 13m permettant d\u2019\u00e9voluer et d\u2019apprendre la plong\u00e9e et d\u2019y faire les premi\u00e8res immersions,&#8211; Un plateau \u00e0 18m dit le calvaire,&#8211; Deux plateformes &hellip; <\/p>\n<p class=\"link-more\"><a href=\"http:\/\/becon-plongee-maitai.fr\/index.php\/la-carriere-2\/\" class=\"more-link\">Lire la suite de<span class=\"screen-reader-text\">\u00ab\u00a0La carri\u00e8re\u00a0\u00bb<\/span><\/a><\/p>\n","protected":false},"author":1,"featured_media":158,"parent":0,"menu_order":0,"comment_status":"closed","ping_status":"closed","template":"","meta":{"inspiro_hide_title":false,"footnotes":""},"class_list":["post-146","page","type-page","status-publish","has-post-thumbnail","hentry"],"featured_media_urls":{"thumbnail":["http:\/\/becon-plongee-maitai.fr\/wp-content\/uploads\/2025\/01\/bassin-plage-ciel-gris-150x150.jpg",150,150,true],"medium":["http:\/\/becon-plongee-maitai.fr\/wp-content\/uploads\/2025\/01\/bassin-plage-ciel-gris-300x207.jpg",300,207,true],"medium_large":["http:\/\/becon-plongee-maitai.fr\/wp-content\/uploads\/2025\/01\/bassin-plage-ciel-gris-scaled.jpg",768,530,false],"large":["http:\/\/becon-plongee-maitai.fr\/wp-content\/uploads\/2025\/01\/bassin-plage-ciel-gris-1024x707.jpg",950,656,true],"1536x1536":["http:\/\/becon-plongee-maitai.fr\/wp-content\/uploads\/2025\/01\/bassin-plage-ciel-gris-scaled-1536x1061.jpg",1536,1061,true],"2048x2048":["http:\/\/becon-plongee-maitai.fr\/wp-content\/uploads\/2025\/01\/bassin-plage-ciel-gris-scaled-2048x1414.jpg",2048,1414,true],"inspiro-featured-image":["http:\/\/becon-plongee-maitai.fr\/wp-content\/uploads\/2025\/01\/bassin-plage-ciel-gris-2000x1381.jpg",2000,1381,true],"inspiro-loop":["http:\/\/becon-plongee-maitai.fr\/wp-content\/uploads\/2025\/01\/bassin-plage-ciel-gris-950x320.jpg",950,320,true],"inspiro-loop@2x":["http:\/\/becon-plongee-maitai.fr\/wp-content\/uploads\/2025\/01\/bassin-plage-ciel-gris-1900x640.jpg",1900,640,true],"portfolio_item-thumbnail":["http:\/\/becon-plongee-maitai.fr\/wp-content\/uploads\/2025\/01\/bassin-plage-ciel-gris-scaled-600x400.jpg",600,400,true],"portfolio_item-thumbnail@2x":["http:\/\/becon-plongee-maitai.fr\/wp-content\/uploads\/2025\/01\/bassin-plage-ciel-gris-scaled-1200x800.jpg",1200,800,true],"portfolio_item-masonry":["http:\/\/becon-plongee-maitai.fr\/wp-content\/uploads\/2025\/01\/bassin-plage-ciel-gris-scaled-600x414.jpg",600,414,true],"portfolio_item-masonry@2x":["http:\/\/becon-plongee-maitai.fr\/wp-content\/uploads\/2025\/01\/bassin-plage-ciel-gris-scaled-1200x829.jpg",1200,829,true],"portfolio_item-thumbnail_cinema":["http:\/\/becon-plongee-maitai.fr\/wp-content\/uploads\/2025\/01\/bassin-plage-ciel-gris-scaled-800x335.jpg",800,335,true],"portfolio_item-thumbnail_portrait":["http:\/\/becon-plongee-maitai.fr\/wp-content\/uploads\/2025\/01\/bassin-plage-ciel-gris-scaled-600x900.jpg",600,900,true],"portfolio_item-thumbnail_portrait@2x":["http:\/\/becon-plongee-maitai.fr\/wp-content\/uploads\/2025\/01\/bassin-plage-ciel-gris-scaled-1200x1768.jpg",1200,1768,true],"portfolio_item-thumbnail_square":["http:\/\/becon-plongee-maitai.fr\/wp-content\/uploads\/2025\/01\/bassin-plage-ciel-gris-scaled-800x800.jpg",800,800,true]},"_links":{"self":[{"href":"http:\/\/becon-plongee-maitai.fr\/index.php\/wp-json\/wp\/v2\/pages\/146","targetHints":{"allow":["GET"]}}],"collection":[{"href":"http:\/\/becon-plongee-maitai.fr\/index.php\/wp-json\/wp\/v2\/pages"}],"about":[{"href":"http:\/\/becon-plongee-maitai.fr\/index.php\/wp-json\/wp\/v2\/types\/page"}],"author":[{"embeddable":true,"href":"http:\/\/becon-plongee-maitai.fr\/index.php\/wp-json\/wp\/v2\/users\/1"}],"replies":[{"embeddable":true,"href":"http:\/\/becon-plongee-maitai.fr\/index.php\/wp-json\/wp\/v2\/comments?post=146"}],"version-history":[{"count":11,"href":"http:\/\/becon-plongee-maitai.fr\/index.php\/wp-json\/wp\/v2\/pages\/146\/revisions"}],"predecessor-version":[{"id":566,"href":"http:\/\/becon-plongee-maitai.fr\/index.php\/wp-json\/wp\/v2\/pages\/146\/revisions\/566"}],"wp:featuredmedia":[{"embeddable":true,"href":"http:\/\/becon-plongee-maitai.fr\/index.php\/wp-json\/wp\/v2\/media\/158"}],"wp:attachment":[{"href":"http:\/\/becon-plongee-maitai.fr\/index.php\/wp-json\/wp\/v2\/media?parent=146"}],"curies":[{"name":"wp","href":"https:\/\/api.w.org\/{rel}","templated":true}]}}