{"id":102,"date":"2024-12-26T14:58:22","date_gmt":"2024-12-26T13:58:22","guid":{"rendered":"http:\/\/becon-plongee-maitai.fr\/?page_id=102"},"modified":"2025-01-07T10:50:38","modified_gmt":"2025-01-07T09:50:38","slug":"tarifs","status":"publish","type":"page","link":"http:\/\/becon-plongee-maitai.fr\/index.php\/tarifs\/","title":{"rendered":"Les prix"},"content":{"rendered":"\n<p class=\"has-tertiary-color has-text-color has-link-color wp-elements-3b7b5607363efb782b9fc82abd912d83\">Avec cette page vous allez avoir acc\u00e8s aux diff\u00e9rents tarifs pour plonger dans notre carri\u00e8re.<\/p>\n\n\n\n<div class=\"wp-block-buttons is-layout-flex wp-block-buttons-is-layout-flex\">\n<div class=\"wp-block-button has-custom-width wp-block-button__width-100\"><a class=\"wp-block-button__link has-secondary-color has-text-color has-link-color wp-element-button\" href=\"http:\/\/becon-plongee-maitai.fr\/index.php\/tarifs-de-plongee\/\" style=\"border-radius:20px\">La plong\u00e9e unitaire<\/a><\/div>\n\n\n\n<div class=\"wp-block-button has-custom-width wp-block-button__width-100\"><a class=\"wp-block-button__link has-secondary-color has-text-color has-link-color wp-element-button\" href=\"http:\/\/becon-plongee-maitai.fr\/index.php\/les-formations\/\" style=\"border-radius:20px\">Les formations<\/a><\/div>\n\n\n\n<div class=\"wp-block-button has-custom-width wp-block-button__width-100\"><a class=\"wp-block-button__link has-secondary-color has-text-color has-link-color wp-element-button\" href=\"http:\/\/becon-plongee-maitai.fr\/index.php\/les-formations-de-cadres\/\" style=\"border-radius:20px\">La formation de cadres<\/a><\/div>\n\n\n\n<div class=\"wp-block-button has-custom-width wp-block-button__width-100\"><a class=\"wp-block-button__link has-secondary-color has-text-color has-link-color wp-element-button\" href=\"http:\/\/becon-plongee-maitai.fr\/index.php\/les-groupes-clubs-codeps\/\" style=\"border-radius:20px\">Les groupes<\/a><\/div>\n\n\n\n<div class=\"wp-block-button has-custom-width wp-block-button__width-100\"><a class=\"wp-block-button__link has-secondary-color has-text-color has-link-color wp-element-button\" href=\"http:\/\/becon-plongee-maitai.fr\/index.php\/les-scolaires\/\" style=\"border-radius:20px\">Les scolaires<\/a><\/div>\n<\/div>\n\n\n\n<p class=\"has-tertiary-color has-text-color has-link-color wp-elements-abfb6aa0ddba1489bca15a82f9635e91\"><strong>N&rsquo;oubliez pas<\/strong> de compl\u00e9ter votre visite en parcourant notre page \u00ab\u00a0<a href=\"http:\/\/becon-plongee-maitai.fr\/index.php\/services\/\" data-type=\"page\" data-id=\"118\">les services<\/a>\u00ab\u00a0, qui vous propose:<\/p>\n\n\n\n<p class=\"has-tertiary-color has-text-color has-link-color wp-elements-4f872ed239c01975463c37d0e269bc9d\">&#8211; un h\u00e9bergement, <br>&#8211; de la location d&rsquo;\u00e9quipement, voir m\u00eame <br>&#8211; du mat\u00e9riel \u00e0 vendre dans la rubrique \u00ab\u00a0Shopping\u00a0\u00bb<\/p>\n\n\n\n<p class=\"has-tertiary-color has-text-color has-link-color wp-elements-7808eba2d6a98cd1eacf5ee955f7f8fc\">Tout pour passer un agr\u00e9able moment, sans stress, parmi nous.<\/p>\n\n\n<div class=\"aligncenter wp-block-site-logo\"><a href=\"http:\/\/becon-plongee-maitai.fr\/\" class=\"custom-logo-link\" rel=\"home\"><img loading=\"lazy\" decoding=\"async\" width=\"75\" height=\"75\" src=\"http:\/\/becon-plongee-maitai.fr\/wp-content\/uploads\/2024\/12\/cropped-cropped-cropped-maitai-logo2016-e1735222400999.png\" class=\"custom-logo\" alt=\"MAITAI BECON PLONGEE\" sizes=\"auto, 100vw\" \/><\/a><\/div>\n\n\n<p class=\"has-text-align-center\"><em>retour sur l&rsquo;accueil<\/em><\/p>\n\n\n\n<p><\/p>\n\n\n\n<p><\/p>\n","protected":false},"excerpt":{"rendered":"<p>Avec cette page vous allez avoir acc\u00e8s aux diff\u00e9rents tarifs pour plonger dans notre carri\u00e8re. N&rsquo;oubliez pas de compl\u00e9ter votre visite en parcourant notre page \u00ab\u00a0les services\u00ab\u00a0, qui vous propose: &#8211; un h\u00e9bergement, &#8211; de la location d&rsquo;\u00e9quipement, voir m\u00eame &#8211; du mat\u00e9riel \u00e0 vendre dans la rubrique \u00ab\u00a0Shopping\u00a0\u00bb Tout pour passer un agr\u00e9able moment, &hellip; <\/p>\n<p class=\"link-more\"><a href=\"http:\/\/becon-plongee-maitai.fr\/index.php\/tarifs\/\" class=\"more-link\">Lire la suite de<span class=\"screen-reader-text\">\u00ab\u00a0Les prix\u00a0\u00bb<\/span><\/a><\/p>\n","protected":false},"author":1,"featured_media":0,"parent":0,"menu_order":0,"comment_status":"closed","ping_status":"closed","template":"","meta":{"inspiro_hide_title":false,"footnotes":""},"class_list":["post-102","page","type-page","status-publish","hentry"],"featured_media_urls":[],"_links":{"self":[{"href":"http:\/\/becon-plongee-maitai.fr\/index.php\/wp-json\/wp\/v2\/pages\/102","targetHints":{"allow":["GET"]}}],"collection":[{"href":"http:\/\/becon-plongee-maitai.fr\/index.php\/wp-json\/wp\/v2\/pages"}],"about":[{"href":"http:\/\/becon-plongee-maitai.fr\/index.php\/wp-json\/wp\/v2\/types\/page"}],"author":[{"embeddable":true,"href":"http:\/\/becon-plongee-maitai.fr\/index.php\/wp-json\/wp\/v2\/users\/1"}],"replies":[{"embeddable":true,"href":"http:\/\/becon-plongee-maitai.fr\/index.php\/wp-json\/wp\/v2\/comments?post=102"}],"version-history":[{"count":17,"href":"http:\/\/becon-plongee-maitai.fr\/index.php\/wp-json\/wp\/v2\/pages\/102\/revisions"}],"predecessor-version":[{"id":387,"href":"http:\/\/becon-plongee-maitai.fr\/index.php\/wp-json\/wp\/v2\/pages\/102\/revisions\/387"}],"wp:attachment":[{"href":"http:\/\/becon-plongee-maitai.fr\/index.php\/wp-json\/wp\/v2\/media?parent=102"}],"curies":[{"name":"wp","href":"https:\/\/api.w.org\/{rel}","templated":true}]}}